{"id":123,"date":"2018-05-21T13:29:22","date_gmt":"2018-05-21T13:29:22","guid":{"rendered":"http:\/\/dev.citerea.es\/home\/"},"modified":"2025-09-19T14:43:04","modified_gmt":"2025-09-19T14:43:04","slug":"home","status":"publish","type":"page","link":"https:\/\/citerea.es\/en\/","title":{"rendered":"Home"},"content":{"rendered":"<p><strong>CITEREA S.L<\/strong> se constituye en 1993 sobre la base de un equipo multidisciplinar de especialistas en estudios del paisaje, el medio ambiente, la ordenaci\u00f3n del espacio y del dise\u00f1o. Su amplia experiencia en el sector se refleja en la realizaci\u00f3n de todo tipo de proyectos de jardiner\u00eda tanto de car\u00e1cter p\u00fablico como privado, de nueva planta o proyectos de restauraci\u00f3n, y una amplia labor cultural en la que se incluyen la direcci\u00f3n de cursos y seminarios, publicaciones y exposiciones.<\/p>\n","protected":false},"excerpt":{"rendered":"<p>CITEREA S.L se constituye en 1993 sobre la base de un equipo multidisciplinar de especialistas en estudios del paisaje, el medio ambiente, la ordenaci\u00f3n del espacio y del dise\u00f1o. Su amplia experiencia en el sector se refleja en la realizaci\u00f3n de todo tipo de proyectos de jardiner\u00eda tanto de car\u00e1cter p\u00fablico como privado, de nueva &hellip; <a href=\"https:\/\/citerea.es\/en\/\" class=\"more-link\">Continue reading<span class=\"screen-reader-text\"> &#8220;Home&#8221;<\/span><\/a><\/p>\n","protected":false},"author":1,"featured_media":0,"parent":0,"menu_order":0,"comment_status":"closed","ping_status":"closed","template":"home.php","meta":{"footnotes":""},"class_list":["post-123","page","type-page","status-publish","hentry"],"acf":[],"_links":{"self":[{"href":"https:\/\/citerea.es\/en\/wp-json\/wp\/v2\/pages\/123","targetHints":{"allow":["GET"]}}],"collection":[{"href":"https:\/\/citerea.es\/en\/wp-json\/wp\/v2\/pages"}],"about":[{"href":"https:\/\/citerea.es\/en\/wp-json\/wp\/v2\/types\/page"}],"author":[{"embeddable":true,"href":"https:\/\/citerea.es\/en\/wp-json\/wp\/v2\/users\/1"}],"replies":[{"embeddable":true,"href":"https:\/\/citerea.es\/en\/wp-json\/wp\/v2\/comments?post=123"}],"version-history":[{"count":3,"href":"https:\/\/citerea.es\/en\/wp-json\/wp\/v2\/pages\/123\/revisions"}],"predecessor-version":[{"id":2497,"href":"https:\/\/citerea.es\/en\/wp-json\/wp\/v2\/pages\/123\/revisions\/2497"}],"wp:attachment":[{"href":"https:\/\/citerea.es\/en\/wp-json\/wp\/v2\/media?parent=123"}],"curies":[{"name":"wp","href":"https:\/\/api.w.org\/{rel}","templated":true}]}}