{"id":825,"date":"2018-06-07T09:22:33","date_gmt":"2018-06-07T09:22:33","guid":{"rendered":"http:\/\/dev.citerea.es\/premios-y-menciones\/"},"modified":"2018-06-15T07:54:07","modified_gmt":"2018-06-15T07:54:07","slug":"premios-y-menciones","status":"publish","type":"page","link":"https:\/\/citerea.es\/en\/premios-y-menciones\/","title":{"rendered":"Awards"},"content":{"rendered":"<p><big>The numerous prizes awarded both nationally and internationally to Citerea mirror our client\u2019s trust throughout the years. These reward both newly designed gardens as well as historic garden restorations.<\/big><\/p>\n<p><var>2009<\/var>\u00a0\u2018\u2019Juan Julio\u2019\u2019 award for Aranjuez,\u00a0<em>Utop\u00eda y realidad: La construcci\u00f3n de un paisaje<\/em>, by the Asociaci\u00f3n Espa\u00f1ola de Parques y Jardines P\u00fablicos for the best book contribution to knowledge in the fields related to public landscape.<\/p>\n<p><var>2007\u00a0<\/var>Award for Instituto de Estudios Madrile\u00f1os for the publication of\u00a0<em>Aranjuez, utop\u00eda y realidad: la construcci\u00f3n de un paisaje<\/em>, Madrid, Espa\u00f1a.<\/p>\n<p><var>2005\u00a0<\/var>Mention at the XIX Premio de Urbanismo, Arquitectura y Obra P\u00fablica del Excmo. Ayto de Madrid for the Proyecto de recuperaci\u00f3n Paisaj\u00edstica del Parque Florido, Fundaci\u00f3n L\u00e1zaro Galdiano, Ministerio de Cultura.<\/p>\n<p><var>2005\u00a0<\/var>1st Prize for \u2018Mission d\u2019auteur de projet pour la revalorisation du Jardin Botanique\u2019, Brussels, Belgium.<\/p>\n<p><var>2003\u00a0<\/var>Award \u2018\u2019Amigos del Bot\u00e1nico\u2019\u2019, from the Sociedad de Amigos del Real Jard\u00edn Bot\u00e1nico de Madrid, for the Palacio de los Castejones, \u00c1greda.<\/p>\n<p><var>2002\u00a0<\/var>1st Prize, tender for Forest Parklands at Valdebarnado (landscape consultancy to project directed by Mr. Luis Moya), Consorcio Urbanistico, Valdebarnardo, PAU-4.<\/p>\n<p><var>2002\u00a0<\/var>1st Prize, tender for Restoring the Paseo del Prado &amp; Recoletos Streets (landscape consultancy to the project directed Mr. Siza Viera), Madrid, Spain.<\/p>\n<p><var>2001\u00a0<\/var>II Biennale for European Landscape Architecture, Polifilo \u00a0Gardens Valencia, Spain.<\/p>\n<p><var>1999\u00a0\u00a0<\/var>Diploma of Merit, Official School of Real Estate Agents of Valencia City &amp; Province for Polifilo Gardens, Valencia, Spain.<\/p>\n<p><var>1997\u00a0<\/var>1st Prize, Design for Gardens in Section 1, Ademuz, Valencia. \u00a0Supported by Bancaja.<\/p>\n<p><var>1995\u00a0<\/var>Award, International Festival of Gardens at Chaumont-sur-Loire, France.<\/p>\n<p><var>1995\u00a0<\/var>7th Edition of Urban, Architectural and Civil Works Awards. Study of Zone 22 in relation to the Plan for Overall Restoration of the Gardens of Buen Retiro, Madrid. Spain.<\/p>\n<p><var>1995\u00a0<\/var>The Alhambra Award, given by the Spanish Association of Public Gardens and Parks for the \u00a0Project related to the Public Park of Antonio Pirala, Plaza de Ventas Square, Madrid. Spain.<\/p>\n<p><var>1995\u00a0<\/var>\u201cEuropa Nostra\u201d Award for the Restoration of the Cloisters of Our Lady of Guadalupe, C\u00e1ceres, Spain, now officially part of the Human Heritage Programme of UNESCO.<\/p>\n<p><var>1995\u00a0<\/var>3rd Prize, \u201cBattersea Park Millenium Design Competition\u201d. London. UK.<\/p>\n<p><var>1995\u00a0<\/var>2nd Prize \u00a0\u201cConcurso para la Nueva Centralidad Regional de San Sebasti\u00e1n de los Reyes\u201d, Madrid. Spain<\/p>\n","protected":false},"excerpt":{"rendered":"<p>The numerous prizes awarded both nationally and internationally to Citerea mirror our client\u2019s trust throughout the years. These reward both newly designed gardens as well as historic garden restorations. 2009\u00a0\u2018\u2019Juan Julio\u2019\u2019 award for Aranjuez,\u00a0Utop\u00eda y realidad: La construcci\u00f3n de un paisaje, by the Asociaci\u00f3n Espa\u00f1ola de Parques y Jardines P\u00fablicos for the best book contribution &hellip; <a href=\"https:\/\/citerea.es\/en\/premios-y-menciones\/\" class=\"more-link\">Continue reading<span class=\"screen-reader-text\"> &#8220;Awards&#8221;<\/span><\/a><\/p>\n","protected":false},"author":1,"featured_media":0,"parent":0,"menu_order":0,"comment_status":"closed","ping_status":"closed","template":"","meta":{"footnotes":""},"class_list":["post-825","page","type-page","status-publish","hentry"],"acf":[],"_links":{"self":[{"href":"https:\/\/citerea.es\/en\/wp-json\/wp\/v2\/pages\/825","targetHints":{"allow":["GET"]}}],"collection":[{"href":"https:\/\/citerea.es\/en\/wp-json\/wp\/v2\/pages"}],"about":[{"href":"https:\/\/citerea.es\/en\/wp-json\/wp\/v2\/types\/page"}],"author":[{"embeddable":true,"href":"https:\/\/citerea.es\/en\/wp-json\/wp\/v2\/users\/1"}],"replies":[{"embeddable":true,"href":"https:\/\/citerea.es\/en\/wp-json\/wp\/v2\/comments?post=825"}],"version-history":[{"count":1,"href":"https:\/\/citerea.es\/en\/wp-json\/wp\/v2\/pages\/825\/revisions"}],"predecessor-version":[{"id":826,"href":"https:\/\/citerea.es\/en\/wp-json\/wp\/v2\/pages\/825\/revisions\/826"}],"wp:attachment":[{"href":"https:\/\/citerea.es\/en\/wp-json\/wp\/v2\/media?parent=825"}],"curies":[{"name":"wp","href":"https:\/\/api.w.org\/{rel}","templated":true}]}}