{"id":836,"date":"2018-06-07T11:16:15","date_gmt":"2018-06-07T11:16:15","guid":{"rendered":"http:\/\/dev.citerea.es\/proyectos-de-investigacion\/"},"modified":"2018-06-15T08:04:03","modified_gmt":"2018-06-15T08:04:03","slug":"proyectos-de-investigacion","status":"publish","type":"page","link":"https:\/\/citerea.es\/en\/proyectos-de-investigacion\/","title":{"rendered":"Research"},"content":{"rendered":"<p><big><var><strong>CITEREA\u00a0<\/strong><\/var><\/big><big>is a regular collaborator in research projects aiming to enhance the cultural legacy of our landscape heritage, thus ensuring its active conservation.<\/big><\/p>\n<p><var>1994 to date<\/var>: Evaluations for the Cultural Landscapes and Itineraries, World Heritage Centre of UNESCO, for their declaration as monuments belonging to World Heritage.<\/p>\n<p><var>2013\u00a0<\/var>Comparative thematic study for\u00a0<em>Plan nacional de Paisaje: Los Paisajes del Olivo en Espa\u00f1a<\/em>, by Ministerio de Cultura.<\/p>\n<p><var>2013\u00a0<\/var><em>Integral management for the generation of healthy habitats and recycling of failed or obsolete urban tissues<\/em>, run by Doctor Architect Angel Luis Fern\u00e1ndez Mu\u00f1oz, UEM.<\/p>\n<p><var>2009-2012<\/var>\u00a0<em>Paisajes Culturales del Patrimonio Mundial<\/em>, Ed. Ayuntamiento de Elche in collaboration with UNESCO \u2013 Ministerio de Cultura de Espa\u00f1a.<\/p>\n<p><var>2011\u00a0<\/var><em>La protecci\u00f3n e identificaci\u00f3n de los Paisajes Culturales, gu\u00eda metodol\u00f3gica para la catalogaci\u00f3n de los Paisajes Culturales<\/em>. Subdirecci\u00f3n General de Protecci\u00f3n del Patrimonio Hist\u00f3rico, Direcci\u00f3n General de Bellas Artes y Bienes Culturales, Ministerio de Cultura.<\/p>\n<p><var>2010\u00a0<\/var><em>Los Paisajes Culturales del Patrimonio Mundial<\/em>, subsidized by Ministerio de Cultura for Ayuntamiento de Elche in collaboration with World Heritage Center, UNESCO.<\/p>\n<p><var>2010\u00a0<\/var><em>Salvaguarda de los Paisajes Culturales: estrategias y objetivos<\/em>, subsidized by Ministerio de Cultura.<\/p>\n<p><var>2005\u00a0<\/var><em>Plan Rector de Uso y Gesti\u00f3n del Parque de la Quintana de los Molinos<\/em>, commissioned by Ayuntamiento de Madrid.<\/p>\n<p><var>2005\u00a0<\/var><em>Plan Rector de Uso y Gesti\u00f3n del Parque Fuente del Berro<\/em>, commissioned by Ayuntamiento de Madrid.<\/p>\n<p><var>2004\u00a0<\/var><em>Estudio Hist\u00f3rico de los Jardines asociados, castillos, palacios, casonas, monasteries y conventos en la provincial de Soria<\/em>, Diputaci\u00f3n de Cultura y Turismo de la Comunidad de Castilla y Le\u00f3n.<\/p>\n<p><var>2004\u00a0<\/var><em>La Singularidad de las tipolog\u00edas Hispanas<\/em>, subsidized by Ministerio de Cultura.<\/p>\n<p><var>2003\u00a0<\/var><em>Par\u00e1metros del Jard\u00edn historico espa\u00f1ol desde sus inicios hasta nuestros d\u00edas<\/em>, subsidized by Ministerio de Cultura.<\/p>\n<p><var>2003\u00a0<\/var><em>Programa b\u00e1sico de inventariado y catalogaci\u00f3n de jardines hist\u00f3ricos de Espa\u00f1a<\/em>, Ministerio de Cultura.<\/p>\n<p><var>2001\u00a0<\/var><em>Plan general de divulgaci\u00f3n y revalorizaci\u00f3n de los parques y jardines de la Comunidad Aut\u00f3noma de Madrid. 1\u00aa fase: inventariado y catalogaci\u00f3n<\/em>, Comunidad Aut\u00f3noma de Madrid.<\/p>\n<p><var>2000\u00a0<\/var>Documentary collection of Spain\u2019s historic gardens and parks for Instituto de Turismo, Ministerio de Econom\u00eda.<\/p>\n","protected":false},"excerpt":{"rendered":"<p>CITEREA\u00a0is a regular collaborator in research projects aiming to enhance the cultural legacy of our landscape heritage, thus ensuring its active conservation. 1994 to date: Evaluations for the Cultural Landscapes and Itineraries, World Heritage Centre of UNESCO, for their declaration as monuments belonging to World Heritage. 2013\u00a0Comparative thematic study for\u00a0Plan nacional de Paisaje: Los Paisajes &hellip; <a href=\"https:\/\/citerea.es\/en\/proyectos-de-investigacion\/\" class=\"more-link\">Continue reading<span class=\"screen-reader-text\"> &#8220;Research&#8221;<\/span><\/a><\/p>\n","protected":false},"author":1,"featured_media":0,"parent":0,"menu_order":0,"comment_status":"closed","ping_status":"closed","template":"","meta":{"footnotes":""},"class_list":["post-836","page","type-page","status-publish","hentry"],"acf":[],"_links":{"self":[{"href":"https:\/\/citerea.es\/en\/wp-json\/wp\/v2\/pages\/836","targetHints":{"allow":["GET"]}}],"collection":[{"href":"https:\/\/citerea.es\/en\/wp-json\/wp\/v2\/pages"}],"about":[{"href":"https:\/\/citerea.es\/en\/wp-json\/wp\/v2\/types\/page"}],"author":[{"embeddable":true,"href":"https:\/\/citerea.es\/en\/wp-json\/wp\/v2\/users\/1"}],"replies":[{"embeddable":true,"href":"https:\/\/citerea.es\/en\/wp-json\/wp\/v2\/comments?post=836"}],"version-history":[{"count":1,"href":"https:\/\/citerea.es\/en\/wp-json\/wp\/v2\/pages\/836\/revisions"}],"predecessor-version":[{"id":837,"href":"https:\/\/citerea.es\/en\/wp-json\/wp\/v2\/pages\/836\/revisions\/837"}],"wp:attachment":[{"href":"https:\/\/citerea.es\/en\/wp-json\/wp\/v2\/media?parent=836"}],"curies":[{"name":"wp","href":"https:\/\/api.w.org\/{rel}","templated":true}]}}