{"id":839,"date":"2018-06-07T11:16:51","date_gmt":"2018-06-07T11:16:51","guid":{"rendered":"http:\/\/dev.citerea.es\/congresos-cursos-y-seminarios\/"},"modified":"2018-06-15T08:05:36","modified_gmt":"2018-06-15T08:05:36","slug":"congresos-cursos-y-seminarios","status":"publish","type":"page","link":"https:\/\/citerea.es\/en\/congresos-cursos-y-seminarios\/","title":{"rendered":"Conferences, Courses and Seminars"},"content":{"rendered":"<p><big>The organization of courses, both at national and international levels, seeks to give a more complete and complex view of the multiple factors that surround landscape and environmental design. The course organization entails from the preparation of the scientific program to its coordination and supervision.<\/big><\/p>\n<p><var>2011\u00a0<\/var><em>V curso de Especialista en Jardines y Parques Hist\u00f3ricos- Paisajes Culturales<\/em>. Commissioned by Ministerio de Cultura y Escuela Superior de Arquitectura de Madrid.<\/p>\n<p><var>2010\u00a0<\/var>Course on\u00a0<em>Historias de jardines: arte, tiempo y memoria<\/em>, organized by Real Academia Canaria de Bellas Artes de San Miguel Arc\u00e1ngel, Tenerife.<\/p>\n<p><var>2010\u00a0<\/var><em>IV curso de Especialista en Jardines y Parques Hist\u00f3ricos- Paisajes Culturales<\/em>. Commissioned by Ministerio de Cultura y Escuela Superior de Arquitectura de Madrid.<\/p>\n<p><var>2009\u00a0<\/var><em>III curso de Especialista en Jardines y Parques Hist\u00f3ricos- Paisajes Culturales<\/em>. Commissioned by Ministerio de Cultura y Escuela Superior de Arquitectura de Madrid.<\/p>\n<p><var>2008\u00a0<\/var><em>II curso de Especialista en Jardines y Parques Hist\u00f3ricos- Paisajes Culturales<\/em>. Commissioned by Ministerio de Cultura y Escuela Superior de Arquitectura de Madrid.<\/p>\n<p><var>2007\u00a0<\/var><em>I curso de Especialista en Jardines y Parques Hist\u00f3ricos- Paisajes Culturales<\/em>. Commissioned by Ministerio de Cultura y Escuela Superior de Arquitectura de Madrid.<\/p>\n<p><var>2003\u00a0<\/var>Summer course on\u00a0<em>Jardines y Romanticismo<\/em>, organized by Universidad Complutense at San Lorenzo de El Escorial.<\/p>\n<p><var>2001\u00a0<\/var>Summer course on\u00a0<em>Naturaleza y Artificio: t\u00e9cnica y est\u00e9tica del jard\u00edn y del paisaje<\/em>, at Laredo. Organized by Universidad de Cantabria.<\/p>\n<p><var>2001\u00a0<\/var>Course on\u00a0<em>Arqueolog\u00eda de Jardines en \u00c1greda<\/em>. Organized by Junta de Castilla y Le\u00f3n and Ayuntamiento de \u00c1greda.<\/p>\n<p><var>2001\u00a0<\/var><em>II Curso de Rehabilitaci\u00f3n de Parques y Jardines Hist\u00f3ricos<\/em>, M\u00e1ster en Jardiner\u00eda y Paisajismo de la Universidad Polit\u00e9cnica de Madrid, Ministerio de Cultura.<\/p>\n<p><var>1999\u00a0<\/var>Summer course<em>\u00a0El encanto de lo \u00edntimo. El peque\u00f1o jard\u00edn<\/em>, by Universidad Complutense en San Lorenzo del Escorial.<\/p>\n<p><var>1999<em>\u00a0<\/em><\/var><em>I Curso de Rehabilitaci\u00f3n de Parques Jardines Hist\u00f3ricos<\/em>, Real Jard\u00edn Bot\u00e1nico de Madrid, M\u00e1ster Jardiner\u00eda y Paisajismo by Universidad Polit\u00e9cnica de Madrid.<\/p>\n<p><var>1998\u00a0<\/var>Congress on \u2018\u2019<em>Felipe II: el rey \u00edntimo. Jard\u00edn y naturaleza en el siglo XVI<\/em>\u2019\u2019, Aranjuez. Organized by Sociedad Estatal para la Conmemoraci\u00f3n de los Centenarios de Felipe II y Carlos V.<\/p>\n<p><var>1997\u00a0<\/var>I Forum on \u2018\u2019Cultura y Naturaleza\u2019\u2019 by the Asociaci\u00f3n Cultural Plaza Porticada, Santander. Agence Europ\u00e9enne pour la Culture.<\/p>\n<p><var>1996\u00a0<\/var>Course on\u00a0<em>Iniciaci\u00f3n a la Jardiner\u00eda<\/em>, organized by Colegio Oficial de Aparejadores y Arquitectos T\u00e9cnicos de Madrid.<\/p>\n<p><var>1995\u00a0<\/var>Summer course\u00a0<em>El lenguaje oculto del jard\u00edn: jard\u00edn y met\u00e1fora<\/em>, by Universidad Complutense at El Escorial.<\/p>\n<p><var>1994\u00a0<\/var><em>Course Jard\u00edn y Paisaje del siglo XX<\/em>, organized by Universidad Internacional Men\u00e9ndez Pelayo, Santander.<\/p>\n<p><var>1994\u00a0<\/var>Conference cycle on \u2018\u2019<em>Parques y Jardines de Madrid<\/em>\u2019\u2019, Fundaci\u00f3n Caja Madrid.<\/p>\n","protected":false},"excerpt":{"rendered":"<p>The organization of courses, both at national and international levels, seeks to give a more complete and complex view of the multiple factors that surround landscape and environmental design. The course organization entails from the preparation of the scientific program to its coordination and supervision. 2011\u00a0V curso de Especialista en Jardines y Parques Hist\u00f3ricos- Paisajes &hellip; <a href=\"https:\/\/citerea.es\/en\/congresos-cursos-y-seminarios\/\" class=\"more-link\">Continue reading<span class=\"screen-reader-text\"> &#8220;Conferences, Courses and Seminars&#8221;<\/span><\/a><\/p>\n","protected":false},"author":1,"featured_media":0,"parent":0,"menu_order":0,"comment_status":"closed","ping_status":"closed","template":"","meta":{"footnotes":""},"class_list":["post-839","page","type-page","status-publish","hentry"],"acf":[],"_links":{"self":[{"href":"https:\/\/citerea.es\/en\/wp-json\/wp\/v2\/pages\/839","targetHints":{"allow":["GET"]}}],"collection":[{"href":"https:\/\/citerea.es\/en\/wp-json\/wp\/v2\/pages"}],"about":[{"href":"https:\/\/citerea.es\/en\/wp-json\/wp\/v2\/types\/page"}],"author":[{"embeddable":true,"href":"https:\/\/citerea.es\/en\/wp-json\/wp\/v2\/users\/1"}],"replies":[{"embeddable":true,"href":"https:\/\/citerea.es\/en\/wp-json\/wp\/v2\/comments?post=839"}],"version-history":[{"count":1,"href":"https:\/\/citerea.es\/en\/wp-json\/wp\/v2\/pages\/839\/revisions"}],"predecessor-version":[{"id":840,"href":"https:\/\/citerea.es\/en\/wp-json\/wp\/v2\/pages\/839\/revisions\/840"}],"wp:attachment":[{"href":"https:\/\/citerea.es\/en\/wp-json\/wp\/v2\/media?parent=839"}],"curies":[{"name":"wp","href":"https:\/\/api.w.org\/{rel}","templated":true}]}}